{"id":266,"date":"2018-01-18T19:42:55","date_gmt":"2018-01-18T18:42:55","guid":{"rendered":"http:\/\/praguelaundromat.cz.uvds383.active24.cz\/?page_id=266"},"modified":"2025-01-04T00:41:58","modified_gmt":"2025-01-03T23:41:58","slug":"uvod","status":"publish","type":"page","link":"https:\/\/praguelaundromat.cz\/ru\/","title":{"rendered":"\u00davod"},"content":{"rendered":"<h6 style=\"text-align: center;\">\u042d\u043d\u0434\u0438 \u041b\u044d\u0443\u043d\u0434\u0440\u043e\u043c\u0430\u0442 &#8212; \u0441\u0430\u043c\u0430\u044f \u0431\u043e\u043b\u044c\u0448\u0430\u044f \u043e\u0431\u0449\u0435\u0441\u0442\u0432\u0435\u043d\u043d\u0430\u044f \u043f\u0440\u0430\u0447\u0435\u0447\u043d\u0430\u044f \u0432 \u041f\u0440\u0430\u0433\u0435.<br \/>\n\u041f\u0440\u0430\u0447\u0435\u0447\u043d\u0430\u044f \u0440\u0430\u0441\u043f\u043e\u043b\u043e\u0436\u0435\u043d\u0430 \u0432 \u0446\u0435\u043d\u0442\u0440\u0435 \u041f\u0440\u0430\u0433\u0438, \u0432 \u043d\u0435\u0441\u043a\u043e\u043b\u044c\u043a\u0438\u0445 \u0448\u0430\u0433\u0430\u0445 \u043e\u0442 \u0441\u0442\u0430\u043d\u0446\u0438\u0438 \u043c\u0435\u0442\u0440\u043e N\u00e1m\u011bst\u00ed M\u00edru.<br \/>\n\u041d\u0430 160 \u043c2 \u0443 \u043d\u0430\u0441 \u0435\u0441\u0442\u044c 32 \u0441\u043e\u0432\u0440\u0435\u043c\u0435\u043d\u043d\u044b\u0445 \u0441\u0442\u0438\u0440\u0430\u043b\u044c\u043d\u044b\u0445 \u0438 \u0441\u0443\u0448\u0438\u043b\u044c\u043d\u044b\u0445 \u043c\u0430\u0448\u0438\u043d\u044b.<br \/>\n\u041a\u043e\u0444\u0435, \u0447\u0430\u0439 \u0438 \u0438\u043d\u0442\u0435\u0440\u043d\u0435\u0442 \u0431\u0435\u0441\u043f\u043b\u0430\u0442\u043d\u043e.<\/h6>\n<p style=\"text-align: center;\">\u041b\u0423\u0427\u0428\u0415\u0415 \u0421\u0410\u041c\u042b\u0419 \u0421\u0422\u0410\u0420\u042b\u0419 \u0412 \u041f\u0420\u0410\u0413\u0415<\/p>\n<p style=\"text-align: center;\"><a href=\"https:\/\/www.meron.cz\/\" target=\"_blank\" rel=\"noopener noreferrer\"><img loading=\"lazy\" decoding=\"async\" class=\"aligncenter wp-image-6932 size-full\" src=\"http:\/\/praguelaundromat.cz\/wp-content\/uploads\/2023\/11\/Meron-LOGO.png\" alt=\"\" width=\"171\" height=\"54\" \/><\/a><\/p>\n","protected":false},"excerpt":{"rendered":"<p>\u042d\u043d\u0434\u0438 \u041b\u044d\u0443\u043d\u0434\u0440\u043e\u043c\u0430\u0442 &#8212; \u0441\u0430\u043c\u0430\u044f \u0431\u043e\u043b\u044c\u0448\u0430\u044f \u043e\u0431\u0449\u0435\u0441\u0442\u0432\u0435\u043d\u043d\u0430\u044f \u043f\u0440\u0430\u0447\u0435\u0447\u043d\u0430\u044f \u0432 \u041f\u0440\u0430\u0433\u0435. \u041f\u0440\u0430\u0447\u0435\u0447\u043d\u0430\u044f \u0440\u0430\u0441\u043f\u043e\u043b\u043e\u0436\u0435\u043d\u0430 \u0432 \u0446\u0435\u043d\u0442\u0440\u0435 \u041f\u0440\u0430\u0433\u0438, \u0432 \u043d\u0435\u0441\u043a\u043e\u043b\u044c\u043a\u0438\u0445 \u0448\u0430\u0433\u0430\u0445 \u043e\u0442 \u0441\u0442\u0430\u043d\u0446\u0438\u0438 \u043c\u0435\u0442\u0440\u043e N\u00e1m\u011bst\u00ed M\u00edru. \u041d\u0430 160 \u043c2 \u0443 \u043d\u0430\u0441 \u0435\u0441\u0442\u044c 32 \u0441\u043e\u0432\u0440\u0435\u043c\u0435\u043d\u043d\u044b\u0445 \u0441\u0442\u0438\u0440\u0430\u043b\u044c\u043d\u044b\u0445 \u0438 \u0441\u0443\u0448\u0438\u043b\u044c\u043d\u044b\u0445 \u043c\u0430\u0448\u0438\u043d\u044b. \u041a\u043e\u0444\u0435, \u0447\u0430\u0439 \u0438 \u0438\u043d\u0442\u0435\u0440\u043d\u0435\u0442 \u0431\u0435\u0441\u043f\u043b\u0430\u0442\u043d\u043e. \u041b\u0423\u0427\u0428\u0415\u0415 &hellip; <a href=\"https:\/\/praguelaundromat.cz\/ru\/\">Continue reading <span class=\"meta-nav\">&rarr;<\/span><\/a><\/p>\n","protected":false},"author":1,"featured_media":0,"parent":0,"menu_order":0,"comment_status":"closed","ping_status":"open","template":"","meta":{"footnotes":""},"class_list":["post-266","page","type-page","status-publish","hentry"],"_links":{"self":[{"href":"https:\/\/praguelaundromat.cz\/ru\/wp-json\/wp\/v2\/pages\/266","targetHints":{"allow":["GET"]}}],"collection":[{"href":"https:\/\/praguelaundromat.cz\/ru\/wp-json\/wp\/v2\/pages"}],"about":[{"href":"https:\/\/praguelaundromat.cz\/ru\/wp-json\/wp\/v2\/types\/page"}],"author":[{"embeddable":true,"href":"https:\/\/praguelaundromat.cz\/ru\/wp-json\/wp\/v2\/users\/1"}],"replies":[{"embeddable":true,"href":"https:\/\/praguelaundromat.cz\/ru\/wp-json\/wp\/v2\/comments?post=266"}],"version-history":[{"count":6,"href":"https:\/\/praguelaundromat.cz\/ru\/wp-json\/wp\/v2\/pages\/266\/revisions"}],"predecessor-version":[{"id":7152,"href":"https:\/\/praguelaundromat.cz\/ru\/wp-json\/wp\/v2\/pages\/266\/revisions\/7152"}],"wp:attachment":[{"href":"https:\/\/praguelaundromat.cz\/ru\/wp-json\/wp\/v2\/media?parent=266"}],"curies":[{"name":"wp","href":"https:\/\/api.w.org\/{rel}","templated":true}]}}