{"id":258,"date":"2018-01-18T19:34:51","date_gmt":"2018-01-18T18:34:51","guid":{"rendered":"http:\/\/praguelaundromat.cz.uvds383.active24.cz\/?page_id=258"},"modified":"2019-03-18T22:09:18","modified_gmt":"2019-03-18T21:09:18","slug":"%d0%ba%d0%be%d0%bd%d1%82%d0%b0%d0%ba%d1%82","status":"publish","type":"page","link":"https:\/\/praguelaundromat.cz\/ru\/%d0%ba%d0%be%d0%bd%d1%82%d0%b0%d0%ba%d1%82\/","title":{"rendered":"\u041a\u043e\u043d\u0442\u0430\u043a\u0442"},"content":{"rendered":"<p><img loading=\"lazy\" decoding=\"async\" class=\"alignnone size-full wp-image-329\" src=\"http:\/\/praguelaundromat.cz.uvds383.active24.cz\/wp-content\/uploads\/2018\/01\/s5.png\" alt=\"\" width=\"20\" height=\"20\"><\/p>\n<div class=\"col-md-4 col-xs-12\" style=\"padding-left: 0;\">\n<h2>\u041a\u043e\u043d\u0442\u0430\u043a\u0442<\/h2>\n<p>\u0443\u043b\u0438\u0446\u0430 \u041a\u043e\u0440\u0443\u043d\u043d\u0438 14 (Korunn\u00ed 14, Vinohrady)<br \/>\n120 00 \u041f\u0440\u0430\u0433\u0430 2<br \/>\n(\u0437\u0435\u043b\u0451\u043d\u0430\u044f \u043b\u0438\u043d\u0438\u044f \u043c\u0435\u0442\u0440\u043e,<br \/>\n\u043e\u0441\u0442\u0430\u043d\u043e\u0432\u043a\u0430 N\u00e1m\u011bst\u00ed M\u00edru,<br \/>\n\u0438\u043b\u0438 \u0442\u0440\u0430\u043c\u0432\u0430\u0435\u043c \u043d\u043e\u043c\u0435\u0440 10 \u0438\u043b\u0438 16)<br \/>\n+420 222 510 180<br \/>\n+420 733 112 693<br \/>\n\u0432\u0435\u0431-\u0441\u0430\u0439\u0442<br \/>\n<a class=\"moz-txt-link-abbreviated\" href=\"mailto:INFO@PRAGUELAUNDROMAT.CZ\">INFO@PRAGUELAUNDROMAT.CZ<\/a><\/p>\n<p>\u0420\u0430\u0431\u043e\u0442\u0430\u0435\u043c \u0435\u0436\u0435\u0434\u043d\u0435\u0432\u043d\u043e \u043e\u0434 8-20 \u0447\u0430\u0441\u043e\u0432,<br \/>\n\u043f\u043e\u0441\u043b\u0435\u0434\u043d\u044f\u044f \u0441\u0442\u0438\u0440\u043a\u0430\/\u0441\u0443\u0448\u043a\u0430 \u0432 18:30<\/p>\n<p>\u0412 \u043b\u0435\u0442\u043d\u0438\u0439 \u043f\u0435\u0440\u0438\u043e\u0434 (\u0438\u044e\u043d\u044c-\u0441\u0435\u043d\u0442\u044f\u0431\u0440\u044c)<br \/>\n\u0440\u0430\u0431\u043e\u0442\u0430\u0435\u043c \u0434\u043e 20:30,<br \/>\n\u043f\u043e\u0441\u043b\u0435\u0434\u043d\u044f\u044f \u0441\u0442\u0438\u0440\u043a\u0430\/\u0441\u0443\u0448\u043a\u0430 \u0432 19 \u0447\u0430\u0441\u043e\u0432<br \/>\n\u0417\u0430\u043a\u0440\u044b\u0442\u043e \u043d\u0430 \u0420\u043e\u0436\u0434\u0435\u0441\u0442\u0432\u0435\u043d\u0441\u043a\u0438\u0435<br \/>\n\u0438 \u041d\u043e\u0432\u043e\u0433\u043e\u0434\u043d\u0438\u0435&nbsp;\u043f\u0440\u0430\u0437\u0434\u043d\u0438\u043a\u0438<br \/>\n\u043e\u0442 23.12 \u0434\u043e 26.12 \u0438 \u043e\u0442 31.12-1.01<\/p>\n<\/div>\n<div class=\"col-md-8 col-xs-12\"><iframe loading=\"lazy\" src=\"https:\/\/www.google.com\/maps\/embed?pb=!1m18!1m12!1m3!1d2560.591683562018!2d14.438076515717793!3d50.07520807942533!2m3!1f0!2f0!3f0!3m2!1i1024!2i768!4f13.1!3m3!1m2!1s0x470b94859785b43f%3A0x8a73dbe2702edaf1!2sKorunn%C3%AD+723%2F14%2C+120+00+Praha+2-Vinohrady!5e0!3m2!1scs!2scz!4v1516894487587\" width=\"100%\" height=\"450\" frameborder=\"0\" allowfullscreen=\"allowfullscreen\"><\/iframe><\/p>\n<div class=\"social-sites text-center\">\n<h2>\u043f\u0435\u0440\u0435\u0439\u0434\u0435\u043c \u043a \u043d\u0430\u043c<\/h2>\n<p><a href=\"https:\/\/www.instagram.com\/pragueandyslaundromat\/\" target=\"_blank\"><i class=\"fa fa-instagram fa-fw\"><\/i><\/a><a href=\"https:\/\/www.facebook.com\/pragueandyslaundromat\/\" target=\"_blank\"><i class=\"fa fa-facebook fa-fw\"><\/i><\/a><\/p>\n<\/div>\n<\/div>\n","protected":false},"excerpt":{"rendered":"<p>\u041a\u043e\u043d\u0442\u0430\u043a\u0442 \u0443\u043b\u0438\u0446\u0430 \u041a\u043e\u0440\u0443\u043d\u043d\u0438 14 (Korunn\u00ed 14, Vinohrady) 120 00 \u041f\u0440\u0430\u0433\u0430 2 (\u0437\u0435\u043b\u0451\u043d\u0430\u044f \u043b\u0438\u043d\u0438\u044f \u043c\u0435\u0442\u0440\u043e, \u043e\u0441\u0442\u0430\u043d\u043e\u0432\u043a\u0430 N\u00e1m\u011bst\u00ed M\u00edru, \u0438\u043b\u0438 \u0442\u0440\u0430\u043c\u0432\u0430\u0435\u043c \u043d\u043e\u043c\u0435\u0440 10 \u0438\u043b\u0438 16) +420 222 510 180 +420 733 112 693 \u0432\u0435\u0431-\u0441\u0430\u0439\u0442 INFO@PRAGUELAUNDROMAT.CZ \u0420\u0430\u0431\u043e\u0442\u0430\u0435\u043c \u0435\u0436\u0435\u0434\u043d\u0435\u0432\u043d\u043e \u043e\u0434 8-20 \u0447\u0430\u0441\u043e\u0432, \u043f\u043e\u0441\u043b\u0435\u0434\u043d\u044f\u044f \u0441\u0442\u0438\u0440\u043a\u0430\/\u0441\u0443\u0448\u043a\u0430 &hellip; <a href=\"https:\/\/praguelaundromat.cz\/ru\/%d0%ba%d0%be%d0%bd%d1%82%d0%b0%d0%ba%d1%82\/\">Continue reading <span class=\"meta-nav\">&rarr;<\/span><\/a><\/p>\n","protected":false},"author":1,"featured_media":0,"parent":0,"menu_order":5,"comment_status":"closed","ping_status":"closed","template":"page-kontakt.php","meta":{"footnotes":""},"class_list":["post-258","page","type-page","status-publish","hentry"],"_links":{"self":[{"href":"https:\/\/praguelaundromat.cz\/ru\/wp-json\/wp\/v2\/pages\/258","targetHints":{"allow":["GET"]}}],"collection":[{"href":"https:\/\/praguelaundromat.cz\/ru\/wp-json\/wp\/v2\/pages"}],"about":[{"href":"https:\/\/praguelaundromat.cz\/ru\/wp-json\/wp\/v2\/types\/page"}],"author":[{"embeddable":true,"href":"https:\/\/praguelaundromat.cz\/ru\/wp-json\/wp\/v2\/users\/1"}],"replies":[{"embeddable":true,"href":"https:\/\/praguelaundromat.cz\/ru\/wp-json\/wp\/v2\/comments?post=258"}],"version-history":[{"count":13,"href":"https:\/\/praguelaundromat.cz\/ru\/wp-json\/wp\/v2\/pages\/258\/revisions"}],"predecessor-version":[{"id":523,"href":"https:\/\/praguelaundromat.cz\/ru\/wp-json\/wp\/v2\/pages\/258\/revisions\/523"}],"wp:attachment":[{"href":"https:\/\/praguelaundromat.cz\/ru\/wp-json\/wp\/v2\/media?parent=258"}],"curies":[{"name":"wp","href":"https:\/\/api.w.org\/{rel}","templated":true}]}}