{"id":93,"date":"2017-12-19T15:22:49","date_gmt":"2017-12-19T14:22:49","guid":{"rendered":"http:\/\/praguelaundromat.cz.uvds383.active24.cz\/?page_id=93"},"modified":"2025-07-03T12:00:54","modified_gmt":"2025-07-03T10:00:54","slug":"uvod","status":"publish","type":"page","link":"https:\/\/praguelaundromat.cz\/en\/","title":{"rendered":"HOME"},"content":{"rendered":"<p style=\"text-align: center;\">Andy&#8217;s Laundromat is the largest public laundry with assistance in Prague.<br \/>The laundry is located in the center of Prague, a few steps from N\u00e1m\u011bst\u00ed M\u00edru metro station.<br \/>We have 32 modern washing and drying machines in an area of 160m2.<br \/>Coffee, tea, WC and the internet are FREE of charge.<br \/>We accept cash and cards.<\/p>\n<p style=\"text-align: center;\">ANDY&#8217;S LAUNDROMAT IS THE OLDEST LAUNDROMAT IN PRAGUE<\/p>\n<p style=\"text-align: center;\"><a href=\"https:\/\/www.meron.cz\/\" target=\"_blank\" rel=\"noopener noreferrer\"><img loading=\"lazy\" decoding=\"async\" class=\"aligncenter wp-image-6932 size-full\" src=\"http:\/\/praguelaundromat.cz\/wp-content\/uploads\/2023\/11\/Meron-LOGO.png\" alt=\"\" width=\"171\" height=\"54\" \/><\/a><\/p>\n\n\n<p><\/p>\n","protected":false},"excerpt":{"rendered":"<p>Andy&#8217;s Laundromat is the largest public laundry with assistance in Prague.The laundry is located in the center of Prague, a few steps from N\u00e1m\u011bst\u00ed M\u00edru metro station.We have 32 modern washing and drying machines in an area of 160m2.Coffee, tea, &hellip; <a href=\"https:\/\/praguelaundromat.cz\/en\/\">Continue reading <span class=\"meta-nav\">&rarr;<\/span><\/a><\/p>\n","protected":false},"author":1,"featured_media":0,"parent":0,"menu_order":0,"comment_status":"closed","ping_status":"open","template":"","meta":{"footnotes":""},"class_list":["post-93","page","type-page","status-publish","hentry"],"_links":{"self":[{"href":"https:\/\/praguelaundromat.cz\/en\/wp-json\/wp\/v2\/pages\/93","targetHints":{"allow":["GET"]}}],"collection":[{"href":"https:\/\/praguelaundromat.cz\/en\/wp-json\/wp\/v2\/pages"}],"about":[{"href":"https:\/\/praguelaundromat.cz\/en\/wp-json\/wp\/v2\/types\/page"}],"author":[{"embeddable":true,"href":"https:\/\/praguelaundromat.cz\/en\/wp-json\/wp\/v2\/users\/1"}],"replies":[{"embeddable":true,"href":"https:\/\/praguelaundromat.cz\/en\/wp-json\/wp\/v2\/comments?post=93"}],"version-history":[{"count":112,"href":"https:\/\/praguelaundromat.cz\/en\/wp-json\/wp\/v2\/pages\/93\/revisions"}],"predecessor-version":[{"id":7209,"href":"https:\/\/praguelaundromat.cz\/en\/wp-json\/wp\/v2\/pages\/93\/revisions\/7209"}],"wp:attachment":[{"href":"https:\/\/praguelaundromat.cz\/en\/wp-json\/wp\/v2\/media?parent=93"}],"curies":[{"name":"wp","href":"https:\/\/api.w.org\/{rel}","templated":true}]}}