{"id":170,"date":"2017-12-20T11:58:04","date_gmt":"2017-12-20T10:58:04","guid":{"rendered":"http:\/\/praguelaundromat.cz.uvds383.active24.cz\/?page_id=170"},"modified":"2025-07-03T12:01:25","modified_gmt":"2025-07-03T10:01:25","slug":"uvod","status":"publish","type":"page","link":"https:\/\/praguelaundromat.cz\/de\/","title":{"rendered":"\u00davod"},"content":{"rendered":"<div class=\"gs\">\n<div class=\"\">\n<div id=\":ob\" class=\"ii gt\">\n<div id=\":oa\" class=\"a3s aXjCH \">\n<div dir=\"ltr\">\n<div dir=\"ltr\">\n<p style=\"text-align: center;\">Andys Waschsalon ist die gr\u00f6\u00dfte \u00f6ffentliche W\u00e4scherei in Prag.<br \/>\nDie W\u00e4scherei befindet sich im Zentrum von Prag, wenige Schritte von der Metrostation N\u00e1m\u011bst\u00ed M\u00edru<br \/>\nentfernt. <span style=\"font-size: revert;\">Auf 160 m2 haben wir 32 moderne Waschaschinen und Trockenmaschinen. <\/span><span style=\"font-size: revert;\">Kaffee, Tee und Internet sind KOSTENLOS.<br \/>\n<\/span><span style=\"font-size: revert;\">DER \u00c4LTESTE PRAGER WASCHSALON<\/span><\/p>\n<\/div>\n<\/div>\n<\/div>\n<\/div>\n<\/div>\n<\/div>\n<p style=\"text-align: center;\"><a href=\"https:\/\/www.meron.cz\/\" target=\"_blank\" rel=\"noopener noreferrer\"><img loading=\"lazy\" decoding=\"async\" class=\"aligncenter wp-image-6932 size-full\" src=\"http:\/\/praguelaundromat.cz\/wp-content\/uploads\/2023\/11\/Meron-LOGO.png\" alt=\"\" width=\"171\" height=\"54\" \/><\/a><\/p>\n","protected":false},"excerpt":{"rendered":"<p>Andys Waschsalon ist die gr\u00f6\u00dfte \u00f6ffentliche W\u00e4scherei in Prag. Die W\u00e4scherei befindet sich im Zentrum von Prag, wenige Schritte von der Metrostation N\u00e1m\u011bst\u00ed M\u00edru entfernt. Auf 160 m2 haben wir 32 moderne Waschaschinen und Trockenmaschinen. Kaffee, Tee und Internet sind &hellip; <a href=\"https:\/\/praguelaundromat.cz\/de\/\">Continue reading <span class=\"meta-nav\">&rarr;<\/span><\/a><\/p>\n","protected":false},"author":1,"featured_media":0,"parent":0,"menu_order":0,"comment_status":"closed","ping_status":"open","template":"","meta":{"footnotes":""},"class_list":["post-170","page","type-page","status-publish","hentry"],"_links":{"self":[{"href":"https:\/\/praguelaundromat.cz\/de\/wp-json\/wp\/v2\/pages\/170","targetHints":{"allow":["GET"]}}],"collection":[{"href":"https:\/\/praguelaundromat.cz\/de\/wp-json\/wp\/v2\/pages"}],"about":[{"href":"https:\/\/praguelaundromat.cz\/de\/wp-json\/wp\/v2\/types\/page"}],"author":[{"embeddable":true,"href":"https:\/\/praguelaundromat.cz\/de\/wp-json\/wp\/v2\/users\/1"}],"replies":[{"embeddable":true,"href":"https:\/\/praguelaundromat.cz\/de\/wp-json\/wp\/v2\/comments?post=170"}],"version-history":[{"count":33,"href":"https:\/\/praguelaundromat.cz\/de\/wp-json\/wp\/v2\/pages\/170\/revisions"}],"predecessor-version":[{"id":7210,"href":"https:\/\/praguelaundromat.cz\/de\/wp-json\/wp\/v2\/pages\/170\/revisions\/7210"}],"wp:attachment":[{"href":"https:\/\/praguelaundromat.cz\/de\/wp-json\/wp\/v2\/media?parent=170"}],"curies":[{"name":"wp","href":"https:\/\/api.w.org\/{rel}","templated":true}]}}