{"id":152,"date":"2017-12-20T11:36:11","date_gmt":"2017-12-20T10:36:11","guid":{"rendered":"http:\/\/praguelaundromat.cz.uvds383.active24.cz\/?page_id=152"},"modified":"2018-01-19T12:35:10","modified_gmt":"2018-01-19T11:35:10","slug":"besucher-des-waschsalons","status":"publish","type":"page","link":"https:\/\/praguelaundromat.cz\/de\/unsere-besucher-geschichte\/besucher-des-waschsalons\/","title":{"rendered":"BESUCHER DES WASCHSALONS"},"content":{"rendered":"<h2><img loading=\"lazy\" decoding=\"async\" class=\"alignnone size-full wp-image-328\" src=\"http:\/\/praguelaundromat.cz.uvds383.active24.cz\/wp-content\/uploads\/2018\/01\/s4.png\" alt=\"\" width=\"21\" height=\"20\" \/><\/h2>\n<h2>BESUCHER DES WASCHSALONS<\/h2>\n<p>STUDENTEN<\/p>\n<p>Unser Waschsalon ist eine idealle Begegnungstelle der Studenten aus der Ganze Welt , die eine teuere Waschmaschine nicht zur Verf\u00fcgung haben<\/p>\n<p>TURISTEN UND BESUCHER<\/p>\n<p>Diese sind die h\u00e4ufigsten Besucher unseres Waschsalons<\/p>\n<p>ZELEBRIT\u00c4T UND FILMSTABE<\/p>\n<p>Seit der Wiederum\u00f6ffnung unseres Waschsalons haben unsere Dienste mehrere Filmstaabe und Zelebrit\u00e4t der Pop-Szene ausgenutzt.<\/p>\n","protected":false},"excerpt":{"rendered":"<p>BESUCHER DES WASCHSALONS STUDENTEN Unser Waschsalon ist eine idealle Begegnungstelle der Studenten aus der Ganze Welt , die eine teuere Waschmaschine nicht zur Verf\u00fcgung haben TURISTEN UND BESUCHER Diese sind die h\u00e4ufigsten Besucher unseres Waschsalons ZELEBRIT\u00c4T UND FILMSTABE Seit der &hellip; <a href=\"https:\/\/praguelaundromat.cz\/de\/unsere-besucher-geschichte\/besucher-des-waschsalons\/\">Continue reading <span class=\"meta-nav\">&rarr;<\/span><\/a><\/p>\n","protected":false},"author":1,"featured_media":0,"parent":154,"menu_order":10,"comment_status":"closed","ping_status":"closed","template":"page-onas.php","meta":{"footnotes":""},"class_list":["post-152","page","type-page","status-publish","hentry"],"_links":{"self":[{"href":"https:\/\/praguelaundromat.cz\/de\/wp-json\/wp\/v2\/pages\/152","targetHints":{"allow":["GET"]}}],"collection":[{"href":"https:\/\/praguelaundromat.cz\/de\/wp-json\/wp\/v2\/pages"}],"about":[{"href":"https:\/\/praguelaundromat.cz\/de\/wp-json\/wp\/v2\/types\/page"}],"author":[{"embeddable":true,"href":"https:\/\/praguelaundromat.cz\/de\/wp-json\/wp\/v2\/users\/1"}],"replies":[{"embeddable":true,"href":"https:\/\/praguelaundromat.cz\/de\/wp-json\/wp\/v2\/comments?post=152"}],"version-history":[{"count":2,"href":"https:\/\/praguelaundromat.cz\/de\/wp-json\/wp\/v2\/pages\/152\/revisions"}],"predecessor-version":[{"id":363,"href":"https:\/\/praguelaundromat.cz\/de\/wp-json\/wp\/v2\/pages\/152\/revisions\/363"}],"up":[{"embeddable":true,"href":"https:\/\/praguelaundromat.cz\/de\/wp-json\/wp\/v2\/pages\/154"}],"wp:attachment":[{"href":"https:\/\/praguelaundromat.cz\/de\/wp-json\/wp\/v2\/media?parent=152"}],"curies":[{"name":"wp","href":"https:\/\/api.w.org\/{rel}","templated":true}]}}