{"id":150,"date":"2017-12-20T11:34:14","date_gmt":"2017-12-20T10:34:14","guid":{"rendered":"http:\/\/praguelaundromat.cz.uvds383.active24.cz\/?page_id=150"},"modified":"2023-11-30T15:41:54","modified_gmt":"2023-11-30T14:41:54","slug":"waschsalon-mit-der-langen-geschichte","status":"publish","type":"page","link":"https:\/\/praguelaundromat.cz\/de\/unsere-besucher-geschichte\/waschsalon-mit-der-langen-geschichte\/","title":{"rendered":"WASCHSALON MIT DER LANGEN GESCHICHTE"},"content":{"rendered":"<h2><img loading=\"lazy\" decoding=\"async\" class=\"alignnone size-full wp-image-328\" src=\"http:\/\/praguelaundromat.cz.uvds383.active24.cz\/wp-content\/uploads\/2018\/01\/s4.png\" alt=\"\" width=\"21\" height=\"20\" \/><\/h2>\n<h2>WASCHSALON MIT DER LANGEN GESCHICHTE<\/h2>\n<p>Prague Andy\u00b4s Laundromat is eine W\u00e4scherei mit der \u00e4ltessten Geschichte in der Hauptstadt.<\/p>\n<p>Diese Anlage existiert ab der Mitte der dreissigen Jahren des vergangenen Jahrhunderts. Schon damals bietete Ihre Dienste an die prager Residente. Diese Aktvit\u00e4ten wurde erst Mitte der sechzigen Jahren von dem damaligen Regime unterbrochen. Zur Wiederum\u00f6ffnung kam erst Mitte der neunzigen Jahren des vergangenen Jahrhunderts. Der Erfolg unseres Unternehmens h\u00e4ngt im Wesentlichen mit der mehrj\u00e4hrigen Zusammenarbeit mit der Firma MERON a.s. zusammen, die der ausschlie\u00dfliche Lieferant unserer W\u00e4schereiausr\u00fcstung ist.<\/p>\n","protected":false},"excerpt":{"rendered":"<p>WASCHSALON MIT DER LANGEN GESCHICHTE Prague Andy\u00b4s Laundromat is eine W\u00e4scherei mit der \u00e4ltessten Geschichte in der Hauptstadt. Diese Anlage existiert ab der Mitte der dreissigen Jahren des vergangenen Jahrhunderts. Schon damals bietete Ihre Dienste an die prager Residente. Diese &hellip; <a href=\"https:\/\/praguelaundromat.cz\/de\/unsere-besucher-geschichte\/waschsalon-mit-der-langen-geschichte\/\">Continue reading <span class=\"meta-nav\">&rarr;<\/span><\/a><\/p>\n","protected":false},"author":1,"featured_media":0,"parent":154,"menu_order":20,"comment_status":"closed","ping_status":"closed","template":"page-onas.php","meta":{"footnotes":""},"class_list":["post-150","page","type-page","status-publish","hentry"],"_links":{"self":[{"href":"https:\/\/praguelaundromat.cz\/de\/wp-json\/wp\/v2\/pages\/150","targetHints":{"allow":["GET"]}}],"collection":[{"href":"https:\/\/praguelaundromat.cz\/de\/wp-json\/wp\/v2\/pages"}],"about":[{"href":"https:\/\/praguelaundromat.cz\/de\/wp-json\/wp\/v2\/types\/page"}],"author":[{"embeddable":true,"href":"https:\/\/praguelaundromat.cz\/de\/wp-json\/wp\/v2\/users\/1"}],"replies":[{"embeddable":true,"href":"https:\/\/praguelaundromat.cz\/de\/wp-json\/wp\/v2\/comments?post=150"}],"version-history":[{"count":4,"href":"https:\/\/praguelaundromat.cz\/de\/wp-json\/wp\/v2\/pages\/150\/revisions"}],"predecessor-version":[{"id":6929,"href":"https:\/\/praguelaundromat.cz\/de\/wp-json\/wp\/v2\/pages\/150\/revisions\/6929"}],"up":[{"embeddable":true,"href":"https:\/\/praguelaundromat.cz\/de\/wp-json\/wp\/v2\/pages\/154"}],"wp:attachment":[{"href":"https:\/\/praguelaundromat.cz\/de\/wp-json\/wp\/v2\/media?parent=150"}],"curies":[{"name":"wp","href":"https:\/\/api.w.org\/{rel}","templated":true}]}}